{"id":64,"date":"2016-10-18T12:09:46","date_gmt":"2016-10-18T12:09:46","guid":{"rendered":"http:\/\/cleres.de\/?page_id=64"},"modified":"2024-08-29T15:03:46","modified_gmt":"2024-08-29T15:03:46","slug":"raum-zum-feiern-und-geniesen","status":"publish","type":"page","link":"https:\/\/cleres.de\/index.php\/raum-zum-feiern-und-geniesen\/","title":{"rendered":"RAUM ZUM PROBIEREN"},"content":{"rendered":"\t\t<div data-elementor-type=\"wp-post\" data-elementor-id=\"64\" class=\"elementor elementor-64\">\n\t\t\t\t\t\t<div class=\"elementor-inner\">\n\t\t\t\t<div class=\"elementor-section-wrap\">\n\t\t\t\t\t\t\t\t\t<section class=\"elementor-section elementor-top-section elementor-element elementor-element-b61da49 elementor-section-boxed elementor-section-height-default elementor-section-height-default\" data-id=\"b61da49\" data-element_type=\"section\">\n\t\t\t\t\t\t<div class=\"elementor-container elementor-column-gap-default\">\n\t\t\t\t\t\t\t<div class=\"elementor-row\">\n\t\t\t\t\t<div class=\"elementor-column elementor-col-100 elementor-top-column elementor-element elementor-element-19ff530\" data-id=\"19ff530\" data-element_type=\"column\">\n\t\t\t<div class=\"elementor-column-wrap elementor-element-populated\">\n\t\t\t\t\t\t\t<div class=\"elementor-widget-wrap\">\n\t\t\t\t\t\t<div class=\"elementor-element elementor-element-271b8b1 elementor-widget elementor-widget-text-editor\" data-id=\"271b8b1\" data-element_type=\"widget\" data-widget_type=\"text-editor.default\">\n\t\t\t\t<div class=\"elementor-widget-container\">\n\t\t\t\t\t\t\t\t<div class=\"elementor-text-editor elementor-clearfix\">\n\t\t\t\t<div class=\"default-style\" style=\"text-align: center;\"><em>Cleres schmecken und genie\u00dfen \u2013 <br \/>ganz privat.<\/em><\/div>\t\t\t\t\t<\/div>\n\t\t\t\t\t\t<\/div>\n\t\t\t\t<\/div>\n\t\t\t\t<div class=\"elementor-element elementor-element-a9d2332 elementor-widget elementor-widget-spacer\" data-id=\"a9d2332\" data-element_type=\"widget\" data-widget_type=\"spacer.default\">\n\t\t\t\t<div class=\"elementor-widget-container\">\n\t\t\t\t\t<div class=\"elementor-spacer\">\n\t\t\t<div class=\"elementor-spacer-inner\"><\/div>\n\t\t<\/div>\n\t\t\t\t<\/div>\n\t\t\t\t<\/div>\n\t\t\t\t\t\t<\/div>\n\t\t\t\t\t<\/div>\n\t\t<\/div>\n\t\t\t\t\t\t\t\t<\/div>\n\t\t\t\t\t<\/div>\n\t\t<\/section>\n\t\t\t\t<section class=\"elementor-section elementor-top-section elementor-element elementor-element-91b6398 elementor-section-boxed elementor-section-height-default elementor-section-height-default\" data-id=\"91b6398\" data-element_type=\"section\">\n\t\t\t\t\t\t<div class=\"elementor-container elementor-column-gap-default\">\n\t\t\t\t\t\t\t<div class=\"elementor-row\">\n\t\t\t\t\t<div class=\"elementor-column elementor-col-50 elementor-top-column elementor-element elementor-element-b6bfb8d\" data-id=\"b6bfb8d\" data-element_type=\"column\">\n\t\t\t<div class=\"elementor-column-wrap elementor-element-populated\">\n\t\t\t\t\t\t\t<div class=\"elementor-widget-wrap\">\n\t\t\t\t\t\t<div class=\"elementor-element elementor-element-1924997 elementor-widget elementor-widget-image\" data-id=\"1924997\" data-element_type=\"widget\" data-widget_type=\"image.default\">\n\t\t\t\t<div class=\"elementor-widget-container\">\n\t\t\t\t\t\t\t\t<div class=\"elementor-image\">\n\t\t\t\t\t\t\t\t\t\t\t\t<img loading=\"lazy\" decoding=\"async\" width=\"300\" height=\"200\" src=\"https:\/\/cleres.de\/wp-content\/uploads\/2020\/09\/Vorraum_300x200.jpg\" class=\"attachment-large size-large\" alt=\"\" srcset=\"https:\/\/cleres.de\/wp-content\/uploads\/2020\/09\/Vorraum_300x200.jpg 300w, https:\/\/cleres.de\/wp-content\/uploads\/2020\/09\/Vorraum_300x200-150x100.jpg 150w\" sizes=\"auto, (max-width: 300px) 100vw, 300px\" \/>\t\t\t\t\t\t\t\t\t\t\t\t\t\t<\/div>\n\t\t\t\t\t\t<\/div>\n\t\t\t\t<\/div>\n\t\t\t\t\t\t<\/div>\n\t\t\t\t\t<\/div>\n\t\t<\/div>\n\t\t\t\t<div class=\"elementor-column elementor-col-50 elementor-top-column elementor-element elementor-element-b52cdef\" data-id=\"b52cdef\" data-element_type=\"column\">\n\t\t\t<div class=\"elementor-column-wrap elementor-element-populated\">\n\t\t\t\t\t\t\t<div class=\"elementor-widget-wrap\">\n\t\t\t\t\t\t<div class=\"elementor-element elementor-element-a24c869 elementor-widget elementor-widget-text-editor\" data-id=\"a24c869\" data-element_type=\"widget\" data-widget_type=\"text-editor.default\">\n\t\t\t\t<div class=\"elementor-widget-container\">\n\t\t\t\t\t\t\t\t<div class=\"elementor-text-editor elementor-clearfix\">\n\t\t\t\t<p>Sie k\u00f6nnen w\u00e4hrend unseren \u00d6ffnungszeiten in Ruhe unsere verschiedenen Weine und Schaumweine verkosten und Ihr pers\u00f6nliches Lieblingsprodukt finden.<\/p>\t\t\t\t\t<\/div>\n\t\t\t\t\t\t<\/div>\n\t\t\t\t<\/div>\n\t\t\t\t\t\t<\/div>\n\t\t\t\t\t<\/div>\n\t\t<\/div>\n\t\t\t\t\t\t\t\t<\/div>\n\t\t\t\t\t<\/div>\n\t\t<\/section>\n\t\t\t\t<section class=\"elementor-section elementor-top-section elementor-element elementor-element-xufbqli elementor-section-boxed elementor-section-height-default elementor-section-height-default\" data-id=\"xufbqli\" data-element_type=\"section\">\n\t\t\t\t\t\t<div class=\"elementor-container elementor-column-gap-default\">\n\t\t\t\t\t\t\t<div class=\"elementor-row\">\n\t\t\t\t\t<div class=\"elementor-column elementor-col-100 elementor-top-column elementor-element elementor-element-ycsnzkr\" data-id=\"ycsnzkr\" data-element_type=\"column\">\n\t\t\t<div class=\"elementor-column-wrap elementor-element-populated\">\n\t\t\t\t\t\t\t<div class=\"elementor-widget-wrap\">\n\t\t\t\t\t\t<div class=\"elementor-element elementor-element-drlaoxw elementor-widget elementor-widget-text-editor\" data-id=\"drlaoxw\" data-element_type=\"widget\" data-widget_type=\"text-editor.default\">\n\t\t\t\t<div class=\"elementor-widget-container\">\n\t\t\t\t\t\t\t\t<div class=\"elementor-text-editor elementor-clearfix\">\n\t\t\t\t<p style=\"text-align: left;\" data-pm-slice=\"1 1 []\"><strong>Einmal ins Weingut schnuppern und durchprobieren\u2026<\/strong><\/p><p style=\"text-align: left;\">Bei tollem Wetter beginnen wir mit einer kleinen Wanderung durch das Rebenmeer am Klausenberg entlang des Skulpturenweges mit 3 Proben und frischem Baguette im Weinberg. Zur\u00fcck im Weingut laden wir dann noch weiter ein, zum Schlemmen bei leckeren rheinhessischen kalten Munkeltellern mit frischem Brot und 4 weiteren Proben.<\/p>\t\t\t\t\t<\/div>\n\t\t\t\t\t\t<\/div>\n\t\t\t\t<\/div>\n\t\t\t\t\t\t<\/div>\n\t\t\t\t\t<\/div>\n\t\t<\/div>\n\t\t\t\t\t\t\t\t<\/div>\n\t\t\t\t\t<\/div>\n\t\t<\/section>\n\t\t\t\t<section class=\"elementor-section elementor-top-section elementor-element elementor-element-1fbafxw elementor-hidden-desktop elementor-hidden-tablet elementor-hidden-mobile elementor-section-boxed elementor-section-height-default elementor-section-height-default\" data-id=\"1fbafxw\" data-element_type=\"section\">\n\t\t\t\t\t\t<div class=\"elementor-container elementor-column-gap-default\">\n\t\t\t\t\t\t\t<div class=\"elementor-row\">\n\t\t\t\t\t<div class=\"elementor-column elementor-col-33 elementor-top-column elementor-element elementor-element-wd3l49j\" data-id=\"wd3l49j\" data-element_type=\"column\">\n\t\t\t<div class=\"elementor-column-wrap elementor-element-populated\">\n\t\t\t\t\t\t\t<div class=\"elementor-widget-wrap\">\n\t\t\t\t\t\t<div class=\"elementor-element elementor-element-nroe2yj elementor-widget elementor-widget-image\" data-id=\"nroe2yj\" data-element_type=\"widget\" data-widget_type=\"image.default\">\n\t\t\t\t<div class=\"elementor-widget-container\">\n\t\t\t\t\t\t\t\t<div class=\"elementor-image\">\n\t\t\t\t\t\t\t\t\t<figure class=\"wp-caption\">\n\t\t\t\t\t\t\t\t\t\t\t<a href=\"http:\/\/cleres.de\/wp-content\/uploads\/2021\/10\/IMG-20211007-WA0009-1.png\" data-elementor-open-lightbox=\"yes\" data-elementor-lightbox-title=\"IMG-20211007-WA0009\" e-action-hash=\"#elementor-action%3Aaction%3Dlightbox%26settings%3DeyJpZCI6NTA2LCJ1cmwiOiJodHRwczpcL1wvY2xlcmVzLmRlXC93cC1jb250ZW50XC91cGxvYWRzXC8yMDIxXC8xMFwvSU1HLTIwMjExMDA3LVdBMDAwOS0xLnBuZyJ9\">\n\t\t\t\t\t\t\t<img loading=\"lazy\" decoding=\"async\" width=\"620\" height=\"414\" src=\"https:\/\/cleres.de\/wp-content\/uploads\/2021\/10\/IMG-20211007-WA0009-1-1024x683.png\" class=\"attachment-large size-large\" alt=\"\" srcset=\"https:\/\/cleres.de\/wp-content\/uploads\/2021\/10\/IMG-20211007-WA0009-1-1024x683.png 1024w, https:\/\/cleres.de\/wp-content\/uploads\/2021\/10\/IMG-20211007-WA0009-1-300x200.png 300w, https:\/\/cleres.de\/wp-content\/uploads\/2021\/10\/IMG-20211007-WA0009-1-768x512.png 768w, https:\/\/cleres.de\/wp-content\/uploads\/2021\/10\/IMG-20211007-WA0009-1-150x100.png 150w, https:\/\/cleres.de\/wp-content\/uploads\/2021\/10\/IMG-20211007-WA0009-1.png 1920w\" sizes=\"auto, (max-width: 620px) 100vw, 620px\" \/>\t\t\t\t\t\t\t\t<\/a>\n\t\t\t\t\t\t\t\t\t\t\t<figcaption class=\"widget-image-caption wp-caption-text\">gem\u00fctliche Atmosph\u00e4re<\/figcaption>\n\t\t\t\t\t\t\t\t\t\t<\/figure>\n\t\t\t\t\t\t\t\t<\/div>\n\t\t\t\t\t\t<\/div>\n\t\t\t\t<\/div>\n\t\t\t\t<div class=\"elementor-element elementor-element-e1cd37f elementor-widget elementor-widget-image\" data-id=\"e1cd37f\" data-element_type=\"widget\" data-widget_type=\"image.default\">\n\t\t\t\t<div class=\"elementor-widget-container\">\n\t\t\t\t\t\t\t\t<div class=\"elementor-image\">\n\t\t\t\t\t\t\t\t\t<figure class=\"wp-caption\">\n\t\t\t\t\t\t\t\t\t\t\t<a href=\"http:\/\/cleres.de\/wp-content\/uploads\/2020\/01\/cleres-weinprobe.jpg\" data-elementor-open-lightbox=\"yes\" data-elementor-lightbox-title=\"cleres-weinprobe\" e-action-hash=\"#elementor-action%3Aaction%3Dlightbox%26settings%3DeyJpZCI6NDEzLCJ1cmwiOiJodHRwczpcL1wvY2xlcmVzLmRlXC93cC1jb250ZW50XC91cGxvYWRzXC8yMDIwXC8wMVwvY2xlcmVzLXdlaW5wcm9iZS5qcGcifQ%3D%3D\">\n\t\t\t\t\t\t\t<img loading=\"lazy\" decoding=\"async\" width=\"620\" height=\"465\" src=\"https:\/\/cleres.de\/wp-content\/uploads\/2020\/01\/cleres-weinprobe-1024x768.jpg\" class=\"attachment-large size-large\" alt=\"\" srcset=\"https:\/\/cleres.de\/wp-content\/uploads\/2020\/01\/cleres-weinprobe-1024x768.jpg 1024w, https:\/\/cleres.de\/wp-content\/uploads\/2020\/01\/cleres-weinprobe-300x225.jpg 300w, https:\/\/cleres.de\/wp-content\/uploads\/2020\/01\/cleres-weinprobe-768x576.jpg 768w, https:\/\/cleres.de\/wp-content\/uploads\/2020\/01\/cleres-weinprobe-133x100.jpg 133w, https:\/\/cleres.de\/wp-content\/uploads\/2020\/01\/cleres-weinprobe.jpg 1599w\" sizes=\"auto, (max-width: 620px) 100vw, 620px\" \/>\t\t\t\t\t\t\t\t<\/a>\n\t\t\t\t\t\t\t\t\t\t\t<figcaption class=\"widget-image-caption wp-caption-text\">Weinprobe<\/figcaption>\n\t\t\t\t\t\t\t\t\t\t<\/figure>\n\t\t\t\t\t\t\t\t<\/div>\n\t\t\t\t\t\t<\/div>\n\t\t\t\t<\/div>\n\t\t\t\t<div class=\"elementor-element elementor-element-89eee4b elementor-widget elementor-widget-image\" data-id=\"89eee4b\" data-element_type=\"widget\" data-widget_type=\"image.default\">\n\t\t\t\t<div class=\"elementor-widget-container\">\n\t\t\t\t\t\t\t\t<div class=\"elementor-image\">\n\t\t\t\t\t\t\t\t\t<figure class=\"wp-caption\">\n\t\t\t\t\t\t\t\t\t\t\t<a href=\"http:\/\/cleres.de\/wp-content\/uploads\/2021\/10\/IMG-20211007-WA0008-1.png\" data-elementor-open-lightbox=\"yes\" data-elementor-lightbox-title=\"IMG-20211007-WA0008\" e-action-hash=\"#elementor-action%3Aaction%3Dlightbox%26settings%3DeyJpZCI6NTExLCJ1cmwiOiJodHRwczpcL1wvY2xlcmVzLmRlXC93cC1jb250ZW50XC91cGxvYWRzXC8yMDIxXC8xMFwvSU1HLTIwMjExMDA3LVdBMDAwOC0xLnBuZyJ9\">\n\t\t\t\t\t\t\t<img loading=\"lazy\" decoding=\"async\" width=\"620\" height=\"465\" src=\"https:\/\/cleres.de\/wp-content\/uploads\/2021\/10\/IMG-20211007-WA0008-1-1024x768.png\" class=\"attachment-large size-large\" alt=\"\" srcset=\"https:\/\/cleres.de\/wp-content\/uploads\/2021\/10\/IMG-20211007-WA0008-1-1024x768.png 1024w, https:\/\/cleres.de\/wp-content\/uploads\/2021\/10\/IMG-20211007-WA0008-1-300x225.png 300w, https:\/\/cleres.de\/wp-content\/uploads\/2021\/10\/IMG-20211007-WA0008-1-768x576.png 768w, https:\/\/cleres.de\/wp-content\/uploads\/2021\/10\/IMG-20211007-WA0008-1-133x100.png 133w\" sizes=\"auto, (max-width: 620px) 100vw, 620px\" \/>\t\t\t\t\t\t\t\t<\/a>\n\t\t\t\t\t\t\t\t\t\t\t<figcaption class=\"widget-image-caption wp-caption-text\">gem\u00fctlicher Hof<\/figcaption>\n\t\t\t\t\t\t\t\t\t\t<\/figure>\n\t\t\t\t\t\t\t\t<\/div>\n\t\t\t\t\t\t<\/div>\n\t\t\t\t<\/div>\n\t\t\t\t\t\t<\/div>\n\t\t\t\t\t<\/div>\n\t\t<\/div>\n\t\t\t\t<div class=\"elementor-column elementor-col-33 elementor-top-column elementor-element elementor-element-mz5unpj\" data-id=\"mz5unpj\" data-element_type=\"column\">\n\t\t\t<div class=\"elementor-column-wrap elementor-element-populated\">\n\t\t\t\t\t\t\t<div class=\"elementor-widget-wrap\">\n\t\t\t\t\t\t<div class=\"elementor-element elementor-element-webcayv elementor-widget elementor-widget-image\" data-id=\"webcayv\" data-element_type=\"widget\" data-widget_type=\"image.default\">\n\t\t\t\t<div class=\"elementor-widget-container\">\n\t\t\t\t\t\t\t\t<div class=\"elementor-image\">\n\t\t\t\t\t\t\t\t\t<figure class=\"wp-caption\">\n\t\t\t\t\t\t\t\t\t\t\t<a href=\"http:\/\/cleres.de\/wp-content\/uploads\/2016\/10\/MG_9459.jpg\" data-elementor-open-lightbox=\"yes\" data-elementor-lightbox-title=\"_mg_9459\" e-action-hash=\"#elementor-action%3Aaction%3Dlightbox%26settings%3DeyJpZCI6NDYsInVybCI6Imh0dHBzOlwvXC9jbGVyZXMuZGVcL3dwLWNvbnRlbnRcL3VwbG9hZHNcLzIwMTZcLzEwXC9NR185NDU5LmpwZyJ9\">\n\t\t\t\t\t\t\t<img loading=\"lazy\" decoding=\"async\" width=\"620\" height=\"414\" src=\"https:\/\/cleres.de\/wp-content\/uploads\/2016\/10\/MG_9459-1024x683.jpg\" class=\"attachment-large size-large\" alt=\"\" srcset=\"https:\/\/cleres.de\/wp-content\/uploads\/2016\/10\/MG_9459-1024x683.jpg 1024w, https:\/\/cleres.de\/wp-content\/uploads\/2016\/10\/MG_9459-300x200.jpg 300w, https:\/\/cleres.de\/wp-content\/uploads\/2016\/10\/MG_9459-768x512.jpg 768w, https:\/\/cleres.de\/wp-content\/uploads\/2016\/10\/MG_9459-150x100.jpg 150w\" sizes=\"auto, (max-width: 620px) 100vw, 620px\" \/>\t\t\t\t\t\t\t\t<\/a>\n\t\t\t\t\t\t\t\t\t\t\t<figcaption class=\"widget-image-caption wp-caption-text\">charismatisches Ambiente<\/figcaption>\n\t\t\t\t\t\t\t\t\t\t<\/figure>\n\t\t\t\t\t\t\t\t<\/div>\n\t\t\t\t\t\t<\/div>\n\t\t\t\t<\/div>\n\t\t\t\t<div class=\"elementor-element elementor-element-63aab90 elementor-widget elementor-widget-image\" data-id=\"63aab90\" data-element_type=\"widget\" data-widget_type=\"image.default\">\n\t\t\t\t<div class=\"elementor-widget-container\">\n\t\t\t\t\t\t\t\t<div class=\"elementor-image\">\n\t\t\t\t\t\t\t\t\t<figure class=\"wp-caption\">\n\t\t\t\t\t\t\t\t\t\t\t<a href=\"http:\/\/cleres.de\/wp-content\/uploads\/2020\/01\/cleres-weinauswahl.jpg\" data-elementor-open-lightbox=\"yes\" data-elementor-lightbox-title=\"cleres-weinauswahl\" e-action-hash=\"#elementor-action%3Aaction%3Dlightbox%26settings%3DeyJpZCI6NDE0LCJ1cmwiOiJodHRwczpcL1wvY2xlcmVzLmRlXC93cC1jb250ZW50XC91cGxvYWRzXC8yMDIwXC8wMVwvY2xlcmVzLXdlaW5hdXN3YWhsLmpwZyJ9\">\n\t\t\t\t\t\t\t<img loading=\"lazy\" decoding=\"async\" width=\"620\" height=\"465\" src=\"https:\/\/cleres.de\/wp-content\/uploads\/2020\/01\/cleres-weinauswahl-1024x768.jpg\" class=\"attachment-large size-large\" alt=\"\" srcset=\"https:\/\/cleres.de\/wp-content\/uploads\/2020\/01\/cleres-weinauswahl-1024x768.jpg 1024w, https:\/\/cleres.de\/wp-content\/uploads\/2020\/01\/cleres-weinauswahl-300x225.jpg 300w, https:\/\/cleres.de\/wp-content\/uploads\/2020\/01\/cleres-weinauswahl-768x576.jpg 768w, https:\/\/cleres.de\/wp-content\/uploads\/2020\/01\/cleres-weinauswahl-133x100.jpg 133w, https:\/\/cleres.de\/wp-content\/uploads\/2020\/01\/cleres-weinauswahl.jpg 1599w\" sizes=\"auto, (max-width: 620px) 100vw, 620px\" \/>\t\t\t\t\t\t\t\t<\/a>\n\t\t\t\t\t\t\t\t\t\t\t<figcaption class=\"widget-image-caption wp-caption-text\">Weinauswahl<\/figcaption>\n\t\t\t\t\t\t\t\t\t\t<\/figure>\n\t\t\t\t\t\t\t\t<\/div>\n\t\t\t\t\t\t<\/div>\n\t\t\t\t<\/div>\n\t\t\t\t<div class=\"elementor-element elementor-element-6114965 elementor-widget elementor-widget-image\" data-id=\"6114965\" data-element_type=\"widget\" data-widget_type=\"image.default\">\n\t\t\t\t<div class=\"elementor-widget-container\">\n\t\t\t\t\t\t\t\t<div class=\"elementor-image\">\n\t\t\t\t\t\t\t\t\t<figure class=\"wp-caption\">\n\t\t\t\t\t\t\t\t\t\t\t<a href=\"http:\/\/cleres.de\/wp-content\/uploads\/2020\/09\/Couch.jpg\" data-elementor-open-lightbox=\"yes\" data-elementor-lightbox-title=\"Couch\" e-action-hash=\"#elementor-action%3Aaction%3Dlightbox%26settings%3DeyJpZCI6NDQ0LCJ1cmwiOiJodHRwczpcL1wvY2xlcmVzLmRlXC93cC1jb250ZW50XC91cGxvYWRzXC8yMDIwXC8wOVwvQ291Y2guanBnIn0%3D\">\n\t\t\t\t\t\t\t<img loading=\"lazy\" decoding=\"async\" width=\"620\" height=\"465\" src=\"https:\/\/cleres.de\/wp-content\/uploads\/2020\/09\/Couch-1024x768.jpg\" class=\"attachment-large size-large\" alt=\"\" srcset=\"https:\/\/cleres.de\/wp-content\/uploads\/2020\/09\/Couch-1024x768.jpg 1024w, https:\/\/cleres.de\/wp-content\/uploads\/2020\/09\/Couch-300x225.jpg 300w, https:\/\/cleres.de\/wp-content\/uploads\/2020\/09\/Couch-768x576.jpg 768w, https:\/\/cleres.de\/wp-content\/uploads\/2020\/09\/Couch-133x100.jpg 133w\" sizes=\"auto, (max-width: 620px) 100vw, 620px\" \/>\t\t\t\t\t\t\t\t<\/a>\n\t\t\t\t\t\t\t\t\t\t\t<figcaption class=\"widget-image-caption wp-caption-text\">Raum mit Gew\u00f6lbe<\/figcaption>\n\t\t\t\t\t\t\t\t\t\t<\/figure>\n\t\t\t\t\t\t\t\t<\/div>\n\t\t\t\t\t\t<\/div>\n\t\t\t\t<\/div>\n\t\t\t\t\t\t<\/div>\n\t\t\t\t\t<\/div>\n\t\t<\/div>\n\t\t\t\t<div class=\"elementor-column elementor-col-33 elementor-top-column elementor-element elementor-element-mj54owp\" data-id=\"mj54owp\" data-element_type=\"column\">\n\t\t\t<div class=\"elementor-column-wrap elementor-element-populated\">\n\t\t\t\t\t\t\t<div class=\"elementor-widget-wrap\">\n\t\t\t\t\t\t<div class=\"elementor-element elementor-element-1wdnjcm elementor-widget elementor-widget-image\" data-id=\"1wdnjcm\" data-element_type=\"widget\" data-widget_type=\"image.default\">\n\t\t\t\t<div class=\"elementor-widget-container\">\n\t\t\t\t\t\t\t\t<div class=\"elementor-image\">\n\t\t\t\t\t\t\t\t\t<figure class=\"wp-caption\">\n\t\t\t\t\t\t\t\t\t\t\t<a href=\"http:\/\/cleres.de\/wp-content\/uploads\/2016\/10\/MG_9484.jpg\" data-elementor-open-lightbox=\"yes\" data-elementor-lightbox-title=\"_mg_9484\" e-action-hash=\"#elementor-action%3Aaction%3Dlightbox%26settings%3DeyJpZCI6NDgsInVybCI6Imh0dHBzOlwvXC9jbGVyZXMuZGVcL3dwLWNvbnRlbnRcL3VwbG9hZHNcLzIwMTZcLzEwXC9NR185NDg0LmpwZyJ9\">\n\t\t\t\t\t\t\t<img loading=\"lazy\" decoding=\"async\" width=\"620\" height=\"414\" src=\"https:\/\/cleres.de\/wp-content\/uploads\/2016\/10\/MG_9484-1024x683.jpg\" class=\"attachment-large size-large\" alt=\"\" srcset=\"https:\/\/cleres.de\/wp-content\/uploads\/2016\/10\/MG_9484-1024x683.jpg 1024w, https:\/\/cleres.de\/wp-content\/uploads\/2016\/10\/MG_9484-300x200.jpg 300w, https:\/\/cleres.de\/wp-content\/uploads\/2016\/10\/MG_9484-768x512.jpg 768w, https:\/\/cleres.de\/wp-content\/uploads\/2016\/10\/MG_9484-150x100.jpg 150w\" sizes=\"auto, (max-width: 620px) 100vw, 620px\" \/>\t\t\t\t\t\t\t\t<\/a>\n\t\t\t\t\t\t\t\t\t\t\t<figcaption class=\"widget-image-caption wp-caption-text\">Au\u00dfenbereich<\/figcaption>\n\t\t\t\t\t\t\t\t\t\t<\/figure>\n\t\t\t\t\t\t\t\t<\/div>\n\t\t\t\t\t\t<\/div>\n\t\t\t\t<\/div>\n\t\t\t\t<div class=\"elementor-element elementor-element-294348a elementor-widget elementor-widget-image\" data-id=\"294348a\" data-element_type=\"widget\" data-widget_type=\"image.default\">\n\t\t\t\t<div class=\"elementor-widget-container\">\n\t\t\t\t\t\t\t\t<div class=\"elementor-image\">\n\t\t\t\t\t\t\t\t\t<figure class=\"wp-caption\">\n\t\t\t\t\t\t\t\t\t\t\t<a href=\"http:\/\/cleres.de\/wp-content\/uploads\/2021\/10\/IMG-20211007-WA0011.png\" data-elementor-open-lightbox=\"yes\" data-elementor-lightbox-title=\"IMG-20211007-WA0011\" e-action-hash=\"#elementor-action%3Aaction%3Dlightbox%26settings%3DeyJpZCI6NTAzLCJ1cmwiOiJodHRwczpcL1wvY2xlcmVzLmRlXC93cC1jb250ZW50XC91cGxvYWRzXC8yMDIxXC8xMFwvSU1HLTIwMjExMDA3LVdBMDAxMS5wbmcifQ%3D%3D\">\n\t\t\t\t\t\t\t<img loading=\"lazy\" decoding=\"async\" width=\"620\" height=\"465\" src=\"https:\/\/cleres.de\/wp-content\/uploads\/2021\/10\/IMG-20211007-WA0011-1024x768.png\" class=\"attachment-large size-large\" alt=\"\" srcset=\"https:\/\/cleres.de\/wp-content\/uploads\/2021\/10\/IMG-20211007-WA0011-1024x768.png 1024w, https:\/\/cleres.de\/wp-content\/uploads\/2021\/10\/IMG-20211007-WA0011-300x225.png 300w, https:\/\/cleres.de\/wp-content\/uploads\/2021\/10\/IMG-20211007-WA0011-768x576.png 768w, https:\/\/cleres.de\/wp-content\/uploads\/2021\/10\/IMG-20211007-WA0011-133x100.png 133w, https:\/\/cleres.de\/wp-content\/uploads\/2021\/10\/IMG-20211007-WA0011.png 2000w\" sizes=\"auto, (max-width: 620px) 100vw, 620px\" \/>\t\t\t\t\t\t\t\t<\/a>\n\t\t\t\t\t\t\t\t\t\t\t<figcaption class=\"widget-image-caption wp-caption-text\">Innenbereich<\/figcaption>\n\t\t\t\t\t\t\t\t\t\t<\/figure>\n\t\t\t\t\t\t\t\t<\/div>\n\t\t\t\t\t\t<\/div>\n\t\t\t\t<\/div>\n\t\t\t\t\t\t<\/div>\n\t\t\t\t\t<\/div>\n\t\t<\/div>\n\t\t\t\t\t\t\t\t<\/div>\n\t\t\t\t\t<\/div>\n\t\t<\/section>\n\t\t\t\t<section class=\"elementor-section elementor-top-section elementor-element elementor-element-aa19d07 elementor-section-boxed elementor-section-height-default elementor-section-height-default\" data-id=\"aa19d07\" data-element_type=\"section\">\n\t\t\t\t\t\t<div class=\"elementor-container elementor-column-gap-default\">\n\t\t\t\t\t\t\t<div class=\"elementor-row\">\n\t\t\t\t\t<div class=\"elementor-column elementor-col-50 elementor-top-column elementor-element elementor-element-df65d7f\" data-id=\"df65d7f\" data-element_type=\"column\">\n\t\t\t<div class=\"elementor-column-wrap elementor-element-populated\">\n\t\t\t\t\t\t\t<div class=\"elementor-widget-wrap\">\n\t\t\t\t\t\t<div class=\"elementor-element elementor-element-6b6a58e elementor-widget elementor-widget-text-editor\" data-id=\"6b6a58e\" data-element_type=\"widget\" data-widget_type=\"text-editor.default\">\n\t\t\t\t<div class=\"elementor-widget-container\">\n\t\t\t\t\t\t\t\t<div class=\"elementor-text-editor elementor-clearfix\">\n\t\t\t\t<p><strong>Dauer:<\/strong> ca. 3 bis 4 Stunden<br \/><strong>Gruppe:<\/strong> 12 bis 48 Personen<br \/><strong>Kosten:<\/strong> pro Person 55,00 \u20ac<\/p><p>Wir freuen uns auf Ihre Anfrage und darauf Sie und Ihre Gruppe bei uns im Weingut begr\u00fc\u00dfen zu d\u00fcrfen.<\/p>\t\t\t\t\t<\/div>\n\t\t\t\t\t\t<\/div>\n\t\t\t\t<\/div>\n\t\t\t\t\t\t<\/div>\n\t\t\t\t\t<\/div>\n\t\t<\/div>\n\t\t\t\t<div class=\"elementor-column elementor-col-50 elementor-top-column elementor-element elementor-element-e847d26\" data-id=\"e847d26\" data-element_type=\"column\">\n\t\t\t<div class=\"elementor-column-wrap elementor-element-populated\">\n\t\t\t\t\t\t\t<div class=\"elementor-widget-wrap\">\n\t\t\t\t\t\t<div class=\"elementor-element elementor-element-771aa51 elementor-widget elementor-widget-image\" data-id=\"771aa51\" data-element_type=\"widget\" data-widget_type=\"image.default\">\n\t\t\t\t<div class=\"elementor-widget-container\">\n\t\t\t\t\t\t\t\t<div class=\"elementor-image\">\n\t\t\t\t\t\t\t\t\t\t\t\t<img loading=\"lazy\" decoding=\"async\" width=\"620\" height=\"449\" src=\"https:\/\/cleres.de\/wp-content\/uploads\/2021\/03\/gemuetlicheRunde_lq-1024x741.jpg\" class=\"attachment-large size-large\" alt=\"\" srcset=\"https:\/\/cleres.de\/wp-content\/uploads\/2021\/03\/gemuetlicheRunde_lq-1024x741.jpg 1024w, https:\/\/cleres.de\/wp-content\/uploads\/2021\/03\/gemuetlicheRunde_lq-300x217.jpg 300w, https:\/\/cleres.de\/wp-content\/uploads\/2021\/03\/gemuetlicheRunde_lq-768x556.jpg 768w, https:\/\/cleres.de\/wp-content\/uploads\/2021\/03\/gemuetlicheRunde_lq-138x100.jpg 138w, https:\/\/cleres.de\/wp-content\/uploads\/2021\/03\/gemuetlicheRunde_lq.jpg 2000w\" sizes=\"auto, (max-width: 620px) 100vw, 620px\" \/>\t\t\t\t\t\t\t\t\t\t\t\t\t\t<\/div>\n\t\t\t\t\t\t<\/div>\n\t\t\t\t<\/div>\n\t\t\t\t\t\t<\/div>\n\t\t\t\t\t<\/div>\n\t\t<\/div>\n\t\t\t\t\t\t\t\t<\/div>\n\t\t\t\t\t<\/div>\n\t\t<\/section>\n\t\t\t\t<section class=\"elementor-section elementor-top-section elementor-element elementor-element-fc7f635 elementor-section-boxed elementor-section-height-default elementor-section-height-default\" data-id=\"fc7f635\" data-element_type=\"section\">\n\t\t\t\t\t\t<div class=\"elementor-container elementor-column-gap-default\">\n\t\t\t\t\t\t\t<div class=\"elementor-row\">\n\t\t\t\t\t<div class=\"elementor-column elementor-col-100 elementor-top-column elementor-element elementor-element-2a49d49\" data-id=\"2a49d49\" data-element_type=\"column\">\n\t\t\t<div class=\"elementor-column-wrap\">\n\t\t\t\t\t\t\t<div class=\"elementor-widget-wrap\">\n\t\t\t\t\t\t\t\t<\/div>\n\t\t\t\t\t<\/div>\n\t\t<\/div>\n\t\t\t\t\t\t\t\t<\/div>\n\t\t\t\t\t<\/div>\n\t\t<\/section>\n\t\t\t\t\t\t\t\t\t<\/div>\n\t\t\t<\/div>\n\t\t\t\t\t<\/div>\n\t\t","protected":false},"excerpt":{"rendered":"<p>Cleres schmecken und genie\u00dfen \u2013 ganz privat. Sie k\u00f6nnen w\u00e4hrend unseren \u00d6ffnungszeiten in Ruhe unsere verschiedenen Weine und Schaumweine verkosten und Ihr pers\u00f6nliches Lieblingsprodukt finden. Einmal ins Weingut schnuppern und durchprobieren\u2026 Bei tollem Wetter beginnen wir mit einer kleinen Wanderung durch das Rebenmeer am Klausenberg entlang des Skulpturenweges mit 3 Proben und frischem Baguette im [&hellip;]<\/p>\n","protected":false},"author":1,"featured_media":145,"parent":0,"menu_order":0,"comment_status":"closed","ping_status":"closed","template":"","meta":{"spay_email":"","footnotes":""},"class_list":["post-64","page","type-page","status-publish","has-post-thumbnail","hentry"],"jetpack_sharing_enabled":true,"jetpack_shortlink":"https:\/\/wp.me\/P85WwP-12","_links":{"self":[{"href":"https:\/\/cleres.de\/index.php\/wp-json\/wp\/v2\/pages\/64","targetHints":{"allow":["GET"]}}],"collection":[{"href":"https:\/\/cleres.de\/index.php\/wp-json\/wp\/v2\/pages"}],"about":[{"href":"https:\/\/cleres.de\/index.php\/wp-json\/wp\/v2\/types\/page"}],"author":[{"embeddable":true,"href":"https:\/\/cleres.de\/index.php\/wp-json\/wp\/v2\/users\/1"}],"replies":[{"embeddable":true,"href":"https:\/\/cleres.de\/index.php\/wp-json\/wp\/v2\/comments?post=64"}],"version-history":[{"count":112,"href":"https:\/\/cleres.de\/index.php\/wp-json\/wp\/v2\/pages\/64\/revisions"}],"predecessor-version":[{"id":754,"href":"https:\/\/cleres.de\/index.php\/wp-json\/wp\/v2\/pages\/64\/revisions\/754"}],"wp:featuredmedia":[{"embeddable":true,"href":"https:\/\/cleres.de\/index.php\/wp-json\/wp\/v2\/media\/145"}],"wp:attachment":[{"href":"https:\/\/cleres.de\/index.php\/wp-json\/wp\/v2\/media?parent=64"}],"curies":[{"name":"wp","href":"https:\/\/api.w.org\/{rel}","templated":true}]}}