{"id":59,"date":"2016-10-18T12:06:57","date_gmt":"2016-10-18T12:06:57","guid":{"rendered":"http:\/\/cleres.de\/?page_id=59"},"modified":"2025-11-04T10:06:33","modified_gmt":"2025-11-04T10:06:33","slug":"raum-zum-reifen","status":"publish","type":"page","link":"https:\/\/cleres.de\/index.php\/raum-zum-reifen\/","title":{"rendered":"RAUM ZUM REIFEN"},"content":{"rendered":"\t\t<div data-elementor-type=\"wp-page\" data-elementor-id=\"59\" class=\"elementor elementor-59\">\n\t\t\t\t\t\t<div class=\"elementor-inner\">\n\t\t\t\t<div class=\"elementor-section-wrap\">\n\t\t\t\t\t\t\t\t\t<section class=\"elementor-section elementor-top-section elementor-element elementor-element-gbjqgxr elementor-section-boxed elementor-section-height-default elementor-section-height-default\" data-id=\"gbjqgxr\" data-element_type=\"section\">\n\t\t\t\t\t\t<div class=\"elementor-container elementor-column-gap-default\">\n\t\t\t\t\t\t\t<div class=\"elementor-row\">\n\t\t\t\t\t<div class=\"elementor-column elementor-col-100 elementor-top-column elementor-element elementor-element-vwrppqx\" data-id=\"vwrppqx\" data-element_type=\"column\">\n\t\t\t<div class=\"elementor-column-wrap elementor-element-populated\">\n\t\t\t\t\t\t\t<div class=\"elementor-widget-wrap\">\n\t\t\t\t\t\t<div class=\"elementor-element elementor-element-wkixhbe elementor-widget elementor-widget-text-editor\" data-id=\"wkixhbe\" data-element_type=\"widget\" data-widget_type=\"text-editor.default\">\n\t\t\t\t<div class=\"elementor-widget-container\">\n\t\t\t\t\t\t\t\t<div class=\"elementor-text-editor elementor-clearfix\">\n\t\t\t\t<p style=\"text-align: center;\">F\u00fcr die Winzerfamilie Cleres ist der Raum ein hohes Gut.<\/p><p style=\"text-align: center;\">Weil ihre mehr als 20 ha Landbesitz in etwa 120.000 Rebst\u00f6cken ausreichend Raum geben, um auf bestem Boden in klimaverw\u00f6hnter Lage in Ruhe zu wachsen und die wertvollen Trauben heranreifen zu lassen.<\/p><p style=\"text-align: center;\">Weil die Weinbauern und Vinologen der Familie \u00fcber Generationen hinweg hier den idealen Raum f\u00fcr Inspiration und die Entwicklung neuer Konzepte fanden und finden.<\/p><p style=\"text-align: center;\">Weil alle Familienmitglieder hier den notwendigen Freiraum f\u00fcr die Entwicklung ihrer ganz pers\u00f6nlichen Talente und Visionen finden. Sie ihre ganz besonderen F\u00e4higkeiten und Erfahrungen einbringen k\u00f6nnen und die Kraftsch\u00f6pfen, immer wieder ehrgeizige Ziele festzulegen und zu verwirklichen.<\/p><p style=\"text-align: center;\">Und nicht zuletzt, weil hier die edelsten Gew\u00e4chse, vom Riesling bis zum Chardonnay in wohltemperierten Kellern, in kostbaren F\u00e4ssern den Raum und die Ruhe haben, umso zu herausragenden Weinen heranzureifen.<\/p><h1 style=\"text-align: center;\"><a href=\"http:\/\/cleres.de\/wp-content\/uploads\/2025\/11\/Weinprospekt-11-2025.pdf\"><span style=\"color: #c3ac6b;\">UNSERE WEINKARTE (PDF)<\/span><\/a><\/h1>\t\t\t\t\t<\/div>\n\t\t\t\t\t\t<\/div>\n\t\t\t\t<\/div>\n\t\t\t\t<div class=\"elementor-element elementor-element-ooabc3c elementor-widget elementor-widget-spacer\" data-id=\"ooabc3c\" data-element_type=\"widget\" data-widget_type=\"spacer.default\">\n\t\t\t\t<div class=\"elementor-widget-container\">\n\t\t\t\t\t<div class=\"elementor-spacer\">\n\t\t\t<div class=\"elementor-spacer-inner\"><\/div>\n\t\t<\/div>\n\t\t\t\t<\/div>\n\t\t\t\t<\/div>\n\t\t\t\t\t\t<\/div>\n\t\t\t\t\t<\/div>\n\t\t<\/div>\n\t\t\t\t\t\t\t\t<\/div>\n\t\t\t\t\t<\/div>\n\t\t<\/section>\n\t\t\t\t<section class=\"elementor-section elementor-top-section elementor-element elementor-element-qpdg646 elementor-section-boxed elementor-section-height-default elementor-section-height-default\" data-id=\"qpdg646\" data-element_type=\"section\">\n\t\t\t\t\t\t<div class=\"elementor-container elementor-column-gap-default\">\n\t\t\t\t\t\t\t<div class=\"elementor-row\">\n\t\t\t\t\t<div class=\"elementor-column elementor-col-33 elementor-top-column elementor-element elementor-element-weun2fj\" data-id=\"weun2fj\" data-element_type=\"column\">\n\t\t\t<div class=\"elementor-column-wrap elementor-element-populated\">\n\t\t\t\t\t\t\t<div class=\"elementor-widget-wrap\">\n\t\t\t\t\t\t<div class=\"elementor-element elementor-element-xrbzbc0 elementor-widget elementor-widget-image\" data-id=\"xrbzbc0\" data-element_type=\"widget\" data-widget_type=\"image.default\">\n\t\t\t\t<div class=\"elementor-widget-container\">\n\t\t\t\t\t\t\t\t<div class=\"elementor-image\">\n\t\t\t\t\t\t\t\t\t<figure class=\"wp-caption\">\n\t\t\t\t\t\t\t\t\t\t\t<a href=\"http:\/\/cleres.de\/wp-content\/uploads\/2016\/10\/Cleres-2016-08-015.jpg\" data-elementor-open-lightbox=\"yes\" data-elementor-lightbox-title=\"cleres-2016-08-015\" e-action-hash=\"#elementor-action%3Aaction%3Dlightbox%26settings%3DeyJpZCI6MTcsInVybCI6Imh0dHBzOlwvXC9jbGVyZXMuZGVcL3dwLWNvbnRlbnRcL3VwbG9hZHNcLzIwMTZcLzEwXC9DbGVyZXMtMjAxNi0wOC0wMTUuanBnIn0%3D\">\n\t\t\t\t\t\t\t<img loading=\"lazy\" decoding=\"async\" width=\"620\" height=\"443\" src=\"https:\/\/cleres.de\/wp-content\/uploads\/2016\/10\/Cleres-2016-08-015-1024x731.jpg\" class=\"attachment-large size-large\" alt=\"\" srcset=\"https:\/\/cleres.de\/wp-content\/uploads\/2016\/10\/Cleres-2016-08-015-1024x731.jpg 1024w, https:\/\/cleres.de\/wp-content\/uploads\/2016\/10\/Cleres-2016-08-015-300x214.jpg 300w, https:\/\/cleres.de\/wp-content\/uploads\/2016\/10\/Cleres-2016-08-015-768x549.jpg 768w, https:\/\/cleres.de\/wp-content\/uploads\/2016\/10\/Cleres-2016-08-015-140x100.jpg 140w\" sizes=\"auto, (max-width: 620px) 100vw, 620px\" \/>\t\t\t\t\t\t\t\t<\/a>\n\t\t\t\t\t\t\t\t\t\t\t<figcaption class=\"widget-image-caption wp-caption-text\">samtige Rotweine<\/figcaption>\n\t\t\t\t\t\t\t\t\t\t<\/figure>\n\t\t\t\t\t\t\t\t<\/div>\n\t\t\t\t\t\t<\/div>\n\t\t\t\t<\/div>\n\t\t\t\t\t\t<\/div>\n\t\t\t\t\t<\/div>\n\t\t<\/div>\n\t\t\t\t<div class=\"elementor-column elementor-col-33 elementor-top-column elementor-element elementor-element-nc6v16n\" data-id=\"nc6v16n\" data-element_type=\"column\">\n\t\t\t<div class=\"elementor-column-wrap elementor-element-populated\">\n\t\t\t\t\t\t\t<div class=\"elementor-widget-wrap\">\n\t\t\t\t\t\t<div class=\"elementor-element elementor-element-rf16knh elementor-widget elementor-widget-image\" data-id=\"rf16knh\" data-element_type=\"widget\" data-widget_type=\"image.default\">\n\t\t\t\t<div class=\"elementor-widget-container\">\n\t\t\t\t\t\t\t\t<div class=\"elementor-image\">\n\t\t\t\t\t\t\t\t\t<figure class=\"wp-caption\">\n\t\t\t\t\t\t\t\t\t\t\t<a href=\"http:\/\/cleres.de\/wp-content\/uploads\/2016\/10\/Cleres-2016-08-012-Kopie-1.jpg\" data-elementor-open-lightbox=\"yes\" data-elementor-lightbox-title=\"cleres-2016-08-012-kopie\" e-action-hash=\"#elementor-action%3Aaction%3Dlightbox%26settings%3DeyJpZCI6MTI4LCJ1cmwiOiJodHRwczpcL1wvY2xlcmVzLmRlXC93cC1jb250ZW50XC91cGxvYWRzXC8yMDE2XC8xMFwvQ2xlcmVzLTIwMTYtMDgtMDEyLUtvcGllLTEuanBnIn0%3D\">\n\t\t\t\t\t\t\t<img loading=\"lazy\" decoding=\"async\" width=\"300\" height=\"215\" src=\"https:\/\/cleres.de\/wp-content\/uploads\/2016\/10\/Cleres-2016-08-012-Kopie-1-300x215.jpg\" class=\"attachment-medium size-medium\" alt=\"\" srcset=\"https:\/\/cleres.de\/wp-content\/uploads\/2016\/10\/Cleres-2016-08-012-Kopie-1-300x215.jpg 300w, https:\/\/cleres.de\/wp-content\/uploads\/2016\/10\/Cleres-2016-08-012-Kopie-1-768x549.jpg 768w, https:\/\/cleres.de\/wp-content\/uploads\/2016\/10\/Cleres-2016-08-012-Kopie-1-1024x733.jpg 1024w, https:\/\/cleres.de\/wp-content\/uploads\/2016\/10\/Cleres-2016-08-012-Kopie-1-140x100.jpg 140w, https:\/\/cleres.de\/wp-content\/uploads\/2016\/10\/Cleres-2016-08-012-Kopie-1.jpg 1560w\" sizes=\"auto, (max-width: 300px) 100vw, 300px\" \/>\t\t\t\t\t\t\t\t<\/a>\n\t\t\t\t\t\t\t\t\t\t\t<figcaption class=\"widget-image-caption wp-caption-text\">Genussmoment<\/figcaption>\n\t\t\t\t\t\t\t\t\t\t<\/figure>\n\t\t\t\t\t\t\t\t<\/div>\n\t\t\t\t\t\t<\/div>\n\t\t\t\t<\/div>\n\t\t\t\t\t\t<\/div>\n\t\t\t\t\t<\/div>\n\t\t<\/div>\n\t\t\t\t<div class=\"elementor-column elementor-col-33 elementor-top-column elementor-element elementor-element-vg0l4ft\" data-id=\"vg0l4ft\" data-element_type=\"column\">\n\t\t\t<div class=\"elementor-column-wrap elementor-element-populated\">\n\t\t\t\t\t\t\t<div class=\"elementor-widget-wrap\">\n\t\t\t\t\t\t<div class=\"elementor-element elementor-element-s1dw60a elementor-widget elementor-widget-image\" data-id=\"s1dw60a\" data-element_type=\"widget\" data-widget_type=\"image.default\">\n\t\t\t\t<div class=\"elementor-widget-container\">\n\t\t\t\t\t\t\t\t<div class=\"elementor-image\">\n\t\t\t\t\t\t\t\t\t<figure class=\"wp-caption\">\n\t\t\t\t\t\t\t\t\t\t\t<a href=\"http:\/\/cleres.de\/wp-content\/uploads\/2016\/10\/Cleres-2016-08-016.jpg\" data-elementor-open-lightbox=\"yes\" data-elementor-lightbox-title=\"cleres-2016-08-016\" e-action-hash=\"#elementor-action%3Aaction%3Dlightbox%26settings%3DeyJpZCI6MTgsInVybCI6Imh0dHBzOlwvXC9jbGVyZXMuZGVcL3dwLWNvbnRlbnRcL3VwbG9hZHNcLzIwMTZcLzEwXC9DbGVyZXMtMjAxNi0wOC0wMTYuanBnIn0%3D\">\n\t\t\t\t\t\t\t<img loading=\"lazy\" decoding=\"async\" width=\"620\" height=\"443\" src=\"https:\/\/cleres.de\/wp-content\/uploads\/2016\/10\/Cleres-2016-08-016-1024x731.jpg\" class=\"attachment-large size-large\" alt=\"\" srcset=\"https:\/\/cleres.de\/wp-content\/uploads\/2016\/10\/Cleres-2016-08-016-1024x731.jpg 1024w, https:\/\/cleres.de\/wp-content\/uploads\/2016\/10\/Cleres-2016-08-016-300x214.jpg 300w, https:\/\/cleres.de\/wp-content\/uploads\/2016\/10\/Cleres-2016-08-016-768x549.jpg 768w, https:\/\/cleres.de\/wp-content\/uploads\/2016\/10\/Cleres-2016-08-016-140x100.jpg 140w\" sizes=\"auto, (max-width: 620px) 100vw, 620px\" \/>\t\t\t\t\t\t\t\t<\/a>\n\t\t\t\t\t\t\t\t\t\t\t<figcaption class=\"widget-image-caption wp-caption-text\">knackige Wei\u00dfweine<\/figcaption>\n\t\t\t\t\t\t\t\t\t\t<\/figure>\n\t\t\t\t\t\t\t\t<\/div>\n\t\t\t\t\t\t<\/div>\n\t\t\t\t<\/div>\n\t\t\t\t\t\t<\/div>\n\t\t\t\t\t<\/div>\n\t\t<\/div>\n\t\t\t\t\t\t\t\t<\/div>\n\t\t\t\t\t<\/div>\n\t\t<\/section>\n\t\t\t\t<section class=\"elementor-section elementor-top-section elementor-element elementor-element-n3fn5yr elementor-section-boxed elementor-section-height-default elementor-section-height-default\" data-id=\"n3fn5yr\" data-element_type=\"section\">\n\t\t\t\t\t\t<div class=\"elementor-container elementor-column-gap-default\">\n\t\t\t\t\t\t\t<div class=\"elementor-row\">\n\t\t\t\t\t<div class=\"elementor-column elementor-col-33 elementor-top-column elementor-element elementor-element-rkb5t7k\" data-id=\"rkb5t7k\" data-element_type=\"column\">\n\t\t\t<div class=\"elementor-column-wrap elementor-element-populated\">\n\t\t\t\t\t\t\t<div class=\"elementor-widget-wrap\">\n\t\t\t\t\t\t<div class=\"elementor-element elementor-element-ei9w0aw elementor-widget elementor-widget-image\" data-id=\"ei9w0aw\" data-element_type=\"widget\" data-widget_type=\"image.default\">\n\t\t\t\t<div class=\"elementor-widget-container\">\n\t\t\t\t\t\t\t\t<div class=\"elementor-image\">\n\t\t\t\t\t\t\t\t\t<figure class=\"wp-caption\">\n\t\t\t\t\t\t\t\t\t\t\t<a href=\"http:\/\/cleres.de\/wp-content\/uploads\/2022\/09\/CLERES_Willkommen.jpg\" data-elementor-open-lightbox=\"yes\" data-elementor-lightbox-title=\"CLERES_Willkommen\" e-action-hash=\"#elementor-action%3Aaction%3Dlightbox%26settings%3DeyJpZCI6NTQ4LCJ1cmwiOiJodHRwczpcL1wvY2xlcmVzLmRlXC93cC1jb250ZW50XC91cGxvYWRzXC8yMDIyXC8wOVwvQ0xFUkVTX1dpbGxrb21tZW4uanBnIn0%3D\">\n\t\t\t\t\t\t\t<img loading=\"lazy\" decoding=\"async\" width=\"620\" height=\"443\" src=\"https:\/\/cleres.de\/wp-content\/uploads\/2022\/09\/CLERES_Willkommen-1024x731.jpg\" class=\"attachment-large size-large\" alt=\"Weingut Cleres \u2013 Team\" srcset=\"https:\/\/cleres.de\/wp-content\/uploads\/2022\/09\/CLERES_Willkommen-1024x731.jpg 1024w, https:\/\/cleres.de\/wp-content\/uploads\/2022\/09\/CLERES_Willkommen-300x214.jpg 300w, https:\/\/cleres.de\/wp-content\/uploads\/2022\/09\/CLERES_Willkommen-768x549.jpg 768w, https:\/\/cleres.de\/wp-content\/uploads\/2022\/09\/CLERES_Willkommen-1536x1097.jpg 1536w, https:\/\/cleres.de\/wp-content\/uploads\/2022\/09\/CLERES_Willkommen-2048x1463.jpg 2048w, https:\/\/cleres.de\/wp-content\/uploads\/2022\/09\/CLERES_Willkommen-140x100.jpg 140w\" sizes=\"auto, (max-width: 620px) 100vw, 620px\" \/>\t\t\t\t\t\t\t\t<\/a>\n\t\t\t\t\t\t\t\t\t\t\t<figcaption class=\"widget-image-caption wp-caption-text\">Willkommen<\/figcaption>\n\t\t\t\t\t\t\t\t\t\t<\/figure>\n\t\t\t\t\t\t\t\t<\/div>\n\t\t\t\t\t\t<\/div>\n\t\t\t\t<\/div>\n\t\t\t\t\t\t<\/div>\n\t\t\t\t\t<\/div>\n\t\t<\/div>\n\t\t\t\t<div class=\"elementor-column elementor-col-33 elementor-top-column elementor-element elementor-element-kjgwqcl\" data-id=\"kjgwqcl\" data-element_type=\"column\">\n\t\t\t<div class=\"elementor-column-wrap elementor-element-populated\">\n\t\t\t\t\t\t\t<div class=\"elementor-widget-wrap\">\n\t\t\t\t\t\t<div class=\"elementor-element elementor-element-r7z1xrl elementor-widget elementor-widget-image\" data-id=\"r7z1xrl\" data-element_type=\"widget\" data-widget_type=\"image.default\">\n\t\t\t\t<div class=\"elementor-widget-container\">\n\t\t\t\t\t\t\t\t<div class=\"elementor-image\">\n\t\t\t\t\t\t\t\t\t<figure class=\"wp-caption\">\n\t\t\t\t\t\t\t\t\t\t\t<a href=\"http:\/\/cleres.de\/wp-content\/uploads\/2022\/09\/CLERES_Lieblingsplatz.jpg\" data-elementor-open-lightbox=\"yes\" data-elementor-lightbox-title=\"CLERES_Lieblingsplatz\" e-action-hash=\"#elementor-action%3Aaction%3Dlightbox%26settings%3DeyJpZCI6NTQ3LCJ1cmwiOiJodHRwczpcL1wvY2xlcmVzLmRlXC93cC1jb250ZW50XC91cGxvYWRzXC8yMDIyXC8wOVwvQ0xFUkVTX0xpZWJsaW5nc3BsYXR6LmpwZyJ9\">\n\t\t\t\t\t\t\t<img loading=\"lazy\" decoding=\"async\" width=\"620\" height=\"443\" src=\"https:\/\/cleres.de\/wp-content\/uploads\/2022\/09\/CLERES_Lieblingsplatz-1024x731.jpg\" class=\"attachment-large size-large\" alt=\"Weingut Cleres \u2013 Team\" srcset=\"https:\/\/cleres.de\/wp-content\/uploads\/2022\/09\/CLERES_Lieblingsplatz-1024x731.jpg 1024w, https:\/\/cleres.de\/wp-content\/uploads\/2022\/09\/CLERES_Lieblingsplatz-300x214.jpg 300w, https:\/\/cleres.de\/wp-content\/uploads\/2022\/09\/CLERES_Lieblingsplatz-768x549.jpg 768w, https:\/\/cleres.de\/wp-content\/uploads\/2022\/09\/CLERES_Lieblingsplatz-1536x1097.jpg 1536w, https:\/\/cleres.de\/wp-content\/uploads\/2022\/09\/CLERES_Lieblingsplatz-2048x1463.jpg 2048w, https:\/\/cleres.de\/wp-content\/uploads\/2022\/09\/CLERES_Lieblingsplatz-140x100.jpg 140w\" sizes=\"auto, (max-width: 620px) 100vw, 620px\" \/>\t\t\t\t\t\t\t\t<\/a>\n\t\t\t\t\t\t\t\t\t\t\t<figcaption class=\"widget-image-caption wp-caption-text\">Lieblingsplatz<\/figcaption>\n\t\t\t\t\t\t\t\t\t\t<\/figure>\n\t\t\t\t\t\t\t\t<\/div>\n\t\t\t\t\t\t<\/div>\n\t\t\t\t<\/div>\n\t\t\t\t\t\t<\/div>\n\t\t\t\t\t<\/div>\n\t\t<\/div>\n\t\t\t\t<div class=\"elementor-column elementor-col-33 elementor-top-column elementor-element elementor-element-x9wtlme\" data-id=\"x9wtlme\" data-element_type=\"column\">\n\t\t\t<div class=\"elementor-column-wrap elementor-element-populated\">\n\t\t\t\t\t\t\t<div class=\"elementor-widget-wrap\">\n\t\t\t\t\t\t<div class=\"elementor-element elementor-element-0pq9nx1 elementor-widget elementor-widget-image\" data-id=\"0pq9nx1\" data-element_type=\"widget\" data-widget_type=\"image.default\">\n\t\t\t\t<div class=\"elementor-widget-container\">\n\t\t\t\t\t\t\t\t<div class=\"elementor-image\">\n\t\t\t\t\t\t\t\t\t<figure class=\"wp-caption\">\n\t\t\t\t\t\t\t\t\t\t\t<a href=\"http:\/\/cleres.de\/wp-content\/uploads\/2022\/09\/CLERES_Familienpower.jpg\" data-elementor-open-lightbox=\"yes\" data-elementor-lightbox-title=\"CLERES_Familienpower\" e-action-hash=\"#elementor-action%3Aaction%3Dlightbox%26settings%3DeyJpZCI6NTQ5LCJ1cmwiOiJodHRwczpcL1wvY2xlcmVzLmRlXC93cC1jb250ZW50XC91cGxvYWRzXC8yMDIyXC8wOVwvQ0xFUkVTX0ZhbWlsaWVucG93ZXIuanBnIn0%3D\">\n\t\t\t\t\t\t\t<img loading=\"lazy\" decoding=\"async\" width=\"620\" height=\"443\" src=\"https:\/\/cleres.de\/wp-content\/uploads\/2022\/09\/CLERES_Familienpower-1024x731.jpg\" class=\"attachment-large size-large\" alt=\"Weingut Cleres \u2013 Team\" srcset=\"https:\/\/cleres.de\/wp-content\/uploads\/2022\/09\/CLERES_Familienpower-1024x731.jpg 1024w, https:\/\/cleres.de\/wp-content\/uploads\/2022\/09\/CLERES_Familienpower-300x214.jpg 300w, https:\/\/cleres.de\/wp-content\/uploads\/2022\/09\/CLERES_Familienpower-768x549.jpg 768w, https:\/\/cleres.de\/wp-content\/uploads\/2022\/09\/CLERES_Familienpower-1536x1097.jpg 1536w, https:\/\/cleres.de\/wp-content\/uploads\/2022\/09\/CLERES_Familienpower-2048x1463.jpg 2048w, https:\/\/cleres.de\/wp-content\/uploads\/2022\/09\/CLERES_Familienpower-140x100.jpg 140w\" sizes=\"auto, (max-width: 620px) 100vw, 620px\" \/>\t\t\t\t\t\t\t\t<\/a>\n\t\t\t\t\t\t\t\t\t\t\t<figcaption class=\"widget-image-caption wp-caption-text\">Schattenplatz<\/figcaption>\n\t\t\t\t\t\t\t\t\t\t<\/figure>\n\t\t\t\t\t\t\t\t<\/div>\n\t\t\t\t\t\t<\/div>\n\t\t\t\t<\/div>\n\t\t\t\t\t\t<\/div>\n\t\t\t\t\t<\/div>\n\t\t<\/div>\n\t\t\t\t\t\t\t\t<\/div>\n\t\t\t\t\t<\/div>\n\t\t<\/section>\n\t\t\t\t<section class=\"elementor-section elementor-top-section elementor-element elementor-element-v7qyeti elementor-section-boxed elementor-section-height-default elementor-section-height-default\" data-id=\"v7qyeti\" data-element_type=\"section\">\n\t\t\t\t\t\t<div class=\"elementor-container elementor-column-gap-default\">\n\t\t\t\t\t\t\t<div class=\"elementor-row\">\n\t\t\t\t\t<div class=\"elementor-column elementor-col-100 elementor-top-column elementor-element elementor-element-onmx48u\" data-id=\"onmx48u\" data-element_type=\"column\">\n\t\t\t<div class=\"elementor-column-wrap elementor-element-populated\">\n\t\t\t\t\t\t\t<div class=\"elementor-widget-wrap\">\n\t\t\t\t\t\t<div class=\"elementor-element elementor-element-0ti4ipi elementor-widget elementor-widget-spacer\" data-id=\"0ti4ipi\" data-element_type=\"widget\" data-widget_type=\"spacer.default\">\n\t\t\t\t<div class=\"elementor-widget-container\">\n\t\t\t\t\t<div class=\"elementor-spacer\">\n\t\t\t<div class=\"elementor-spacer-inner\"><\/div>\n\t\t<\/div>\n\t\t\t\t<\/div>\n\t\t\t\t<\/div>\n\t\t\t\t\t\t<\/div>\n\t\t\t\t\t<\/div>\n\t\t<\/div>\n\t\t\t\t\t\t\t\t<\/div>\n\t\t\t\t\t<\/div>\n\t\t<\/section>\n\t\t\t\t\t\t\t\t\t<\/div>\n\t\t\t<\/div>\n\t\t\t\t\t<\/div>\n\t\t","protected":false},"excerpt":{"rendered":"<p>F\u00fcr die Winzerfamilie Cleres ist der Raum ein hohes Gut. Weil ihre mehr als 20 ha Landbesitz in etwa 120.000 Rebst\u00f6cken ausreichend Raum geben, um auf bestem Boden in klimaverw\u00f6hnter Lage in Ruhe zu wachsen und die wertvollen Trauben heranreifen zu lassen. Weil die Weinbauern und Vinologen der Familie \u00fcber Generationen hinweg hier den idealen [&hellip;]<\/p>\n","protected":false},"author":1,"featured_media":558,"parent":0,"menu_order":0,"comment_status":"closed","ping_status":"closed","template":"","meta":{"spay_email":"","footnotes":""},"class_list":["post-59","page","type-page","status-publish","has-post-thumbnail","hentry"],"jetpack_sharing_enabled":true,"jetpack_shortlink":"https:\/\/wp.me\/P85WwP-X","_links":{"self":[{"href":"https:\/\/cleres.de\/index.php\/wp-json\/wp\/v2\/pages\/59","targetHints":{"allow":["GET"]}}],"collection":[{"href":"https:\/\/cleres.de\/index.php\/wp-json\/wp\/v2\/pages"}],"about":[{"href":"https:\/\/cleres.de\/index.php\/wp-json\/wp\/v2\/types\/page"}],"author":[{"embeddable":true,"href":"https:\/\/cleres.de\/index.php\/wp-json\/wp\/v2\/users\/1"}],"replies":[{"embeddable":true,"href":"https:\/\/cleres.de\/index.php\/wp-json\/wp\/v2\/comments?post=59"}],"version-history":[{"count":40,"href":"https:\/\/cleres.de\/index.php\/wp-json\/wp\/v2\/pages\/59\/revisions"}],"predecessor-version":[{"id":789,"href":"https:\/\/cleres.de\/index.php\/wp-json\/wp\/v2\/pages\/59\/revisions\/789"}],"wp:featuredmedia":[{"embeddable":true,"href":"https:\/\/cleres.de\/index.php\/wp-json\/wp\/v2\/media\/558"}],"wp:attachment":[{"href":"https:\/\/cleres.de\/index.php\/wp-json\/wp\/v2\/media?parent=59"}],"curies":[{"name":"wp","href":"https:\/\/api.w.org\/{rel}","templated":true}]}}